{"id":168,"date":"2023-05-21T14:01:23","date_gmt":"2023-05-21T14:01:23","guid":{"rendered":"http:\/\/manosabiertasnorte.org\/?page_id=168"},"modified":"2025-06-15T10:36:32","modified_gmt":"2025-06-15T08:36:32","slug":"la-salle","status":"publish","type":"page","link":"http:\/\/manosabiertasnorte.org\/index.php\/la-salle\/","title":{"rendered":"La Salle"},"content":{"rendered":"\r\n<p class=\"has-pale-cyan-blue-background-color has-background\">En 2016 Asociaci\u00f3n Manos Abiertas con Norte se suma a la Red de Obras Socioeducativas de La Salle. LA SALLE es una Instituci\u00f3n implantada en casi un centenar de pa\u00edses que se dedica a la Educaci\u00f3n. Los Centros La Salle reciben su nombre de San Juan Bautista de La Salle quien, a finales del siglo XVII se asoci\u00f3 con unos maestros para mantener escuelas dedicadas a los ni\u00f1os pobres. Con ellos fund\u00f3 el Instituto de los Hermanos de las Escuelas Cristianas.<\/p>\r\n\r\n\r\n\r\n<p class=\"has-pale-cyan-blue-background-color has-background\">La Red de Obras La Salle incluye Centros educativos, Centros educativos preuniversitarios y de formaci\u00f3n profesional, universidades y Obras socioeducativas en Espa\u00f1a y Portugal, \u00e9stas obras se encuentran agrupadas en la Coordinadora de Obras Socioeducativas La Salle. En la actualidad ocho entidades forman parte esta Coordinadora La Salle y otras tres colaboran con ella.<\/p>\r\n\r\n\r\n\r\n<figure class=\"wp-block-image size-full is-resized\"><img loading=\"lazy\" decoding=\"async\" class=\"wp-image-169 aligncenter\" src=\"http:\/\/manosabiertas.org\/wp-content\/uploads\/2023\/05\/OSES-DISTRITO.jpg\" alt=\"\" width=\"841\" height=\"770\" srcset=\"http:\/\/manosabiertasnorte.org\/wp-content\/uploads\/2023\/05\/OSES-DISTRITO.jpg 465w, http:\/\/manosabiertasnorte.org\/wp-content\/uploads\/2023\/05\/OSES-DISTRITO-300x275.jpg 300w\" sizes=\"auto, (max-width: 841px) 100vw, 841px\" \/><\/figure>\r\n","protected":false},"excerpt":{"rendered":"<p>En 2016 Asociaci\u00f3n Manos Abiertas con Norte se suma a la Red de Obras Socioeducativas de La Salle. LA SALLE es una Instituci\u00f3n implantada en casi un centenar de pa\u00edses que se dedica a la Educaci\u00f3n. Los Centros La Salle reciben su nombre de San Juan Bautista de La Salle quien, a finales del siglo [&hellip;]<\/p>\n","protected":false},"author":1,"featured_media":0,"parent":0,"menu_order":0,"comment_status":"closed","ping_status":"closed","template":"template-full-width.php","meta":{"footnotes":""},"class_list":["post-168","page","type-page","status-publish","hentry"],"_links":{"self":[{"href":"http:\/\/manosabiertasnorte.org\/index.php\/wp-json\/wp\/v2\/pages\/168","targetHints":{"allow":["GET"]}}],"collection":[{"href":"http:\/\/manosabiertasnorte.org\/index.php\/wp-json\/wp\/v2\/pages"}],"about":[{"href":"http:\/\/manosabiertasnorte.org\/index.php\/wp-json\/wp\/v2\/types\/page"}],"author":[{"embeddable":true,"href":"http:\/\/manosabiertasnorte.org\/index.php\/wp-json\/wp\/v2\/users\/1"}],"replies":[{"embeddable":true,"href":"http:\/\/manosabiertasnorte.org\/index.php\/wp-json\/wp\/v2\/comments?post=168"}],"version-history":[{"count":6,"href":"http:\/\/manosabiertasnorte.org\/index.php\/wp-json\/wp\/v2\/pages\/168\/revisions"}],"predecessor-version":[{"id":366,"href":"http:\/\/manosabiertasnorte.org\/index.php\/wp-json\/wp\/v2\/pages\/168\/revisions\/366"}],"wp:attachment":[{"href":"http:\/\/manosabiertasnorte.org\/index.php\/wp-json\/wp\/v2\/media?parent=168"}],"curies":[{"name":"wp","href":"https:\/\/api.w.org\/{rel}","templated":true}]}}