{"id":181,"date":"2023-05-21T13:56:00","date_gmt":"2023-05-21T13:56:00","guid":{"rendered":"http:\/\/manosabiertasnorte.org\/?page_id=181"},"modified":"2024-05-29T21:37:42","modified_gmt":"2024-05-29T19:37:42","slug":"ods-agenda-2030","status":"publish","type":"page","link":"http:\/\/manosabiertasnorte.org\/index.php\/ods-agenda-2030\/","title":{"rendered":"ODS &#8211; Agenda 2030"},"content":{"rendered":"\r\n<p>En septiembre de 2015 se aprob\u00f3 por parte de la\u00a0<strong>Asamblea General de las Naciones Unidas la Agenda 2030<\/strong>\u00a0<strong>para el Desarrollo Sostenible<\/strong>\u00a0y con ella, los\u00a0<strong>Objetivos de Desarrollo Sostenible (ODS)<\/strong>.<\/p>\r\n\r\n\r\n\r\n<p>Esta Agenda es una llamada mundial para adoptar medidas que logren acabar con los grandes problemas del planeta: poner fin a la pobreza y a la desigualdad, alcanzar la igualdad de g\u00e9nero y el acceso para todos a un trabajo digno, facilitar el acceso a servicios de salud y a una educaci\u00f3n adecuada, proteger el medioambiente, y garantizar que todas las personas disfruten de paz y prosperidad. \u00a0<\/p>\r\n\r\n\r\n\r\n<p>En este nuevo marco, las ONG tenemos un protagonismo decisivo. Es por ello que en Asociaci\u00f3n Manos Abiertas con Norte trabajamos d\u00eda a d\u00eda \u00a0para medir y gestionar nuestra contribuci\u00f3n a los ODS.<\/p>\r\n\r\n\r\n<a href=\"http:\/\/manosabiertasnorte.org\/wp-content\/uploads\/2023\/05\/ODS-2030-1-.pdf\" class=\"pdfemb-viewer\" style=\"\" data-width=\"max\" data-height=\"max\" data-toolbar=\"top\" data-toolbar-fixed=\"on\">ODS-2030-1-<\/a>\r\n<p class=\"wp-block-pdfemb-pdf-embedder-viewer\">\u00a0<\/p>\r\n\r\n<p><iframe loading=\"lazy\" title=\"YouTube video player\" src=\"https:\/\/www.youtube.com\/embed\/95nxqBFD9VE\" width=\"660\" height=\"415\" frameborder=\"0\" allowfullscreen=\"allowfullscreen\"><\/iframe><\/p>","protected":false},"excerpt":{"rendered":"<p>En septiembre de 2015 se aprob\u00f3 por parte de la\u00a0Asamblea General de las Naciones Unidas la Agenda 2030\u00a0para el Desarrollo Sostenible\u00a0y con ella, los\u00a0Objetivos de Desarrollo Sostenible (ODS). Esta Agenda es una llamada mundial para adoptar medidas que logren acabar con los grandes problemas del planeta: poner fin a la pobreza y a la desigualdad, [&hellip;]<\/p>\n","protected":false},"author":1,"featured_media":0,"parent":0,"menu_order":0,"comment_status":"closed","ping_status":"closed","template":"template-full-width.php","meta":{"footnotes":""},"class_list":["post-181","page","type-page","status-publish","hentry"],"_links":{"self":[{"href":"http:\/\/manosabiertasnorte.org\/index.php\/wp-json\/wp\/v2\/pages\/181","targetHints":{"allow":["GET"]}}],"collection":[{"href":"http:\/\/manosabiertasnorte.org\/index.php\/wp-json\/wp\/v2\/pages"}],"about":[{"href":"http:\/\/manosabiertasnorte.org\/index.php\/wp-json\/wp\/v2\/types\/page"}],"author":[{"embeddable":true,"href":"http:\/\/manosabiertasnorte.org\/index.php\/wp-json\/wp\/v2\/users\/1"}],"replies":[{"embeddable":true,"href":"http:\/\/manosabiertasnorte.org\/index.php\/wp-json\/wp\/v2\/comments?post=181"}],"version-history":[{"count":6,"href":"http:\/\/manosabiertasnorte.org\/index.php\/wp-json\/wp\/v2\/pages\/181\/revisions"}],"predecessor-version":[{"id":586,"href":"http:\/\/manosabiertasnorte.org\/index.php\/wp-json\/wp\/v2\/pages\/181\/revisions\/586"}],"wp:attachment":[{"href":"http:\/\/manosabiertasnorte.org\/index.php\/wp-json\/wp\/v2\/media?parent=181"}],"curies":[{"name":"wp","href":"https:\/\/api.w.org\/{rel}","templated":true}]}}