{"id":195,"date":"2023-05-21T14:07:48","date_gmt":"2023-05-21T14:07:48","guid":{"rendered":"http:\/\/manosabiertasnorte.org\/?page_id=195"},"modified":"2023-05-22T20:29:42","modified_gmt":"2023-05-22T20:29:42","slug":"historia","status":"publish","type":"page","link":"http:\/\/manosabiertasnorte.org\/index.php\/historia\/","title":{"rendered":"Historia"},"content":{"rendered":"\r\n<p>Manos Abiertas surge como iniciativa en 1992. Un grupo de j\u00f3venes voluntarios\/as, detecta necesidades socioeducativas en la zona de Pol\u00edgono Norte, Sevilla, y comienza a impartir clases de apoyo de matem\u00e1ticas y lengua a los ni\u00f1os y ni\u00f1as de los centros educativos de la zona: Blas Infante y Josefa Amor y Rico (Actualmente IES Inmaculada Vieira), en locales situados en bloques de la barriada.<\/p>\r\n\r\n\r\n\r\n<p><img loading=\"lazy\" decoding=\"async\" class=\"wp-image-196 alignleft\" src=\"http:\/\/manosabiertas.org\/wp-content\/uploads\/2023\/05\/11407225_837311409649899_5746363728146129537_n.png\" alt=\"\" width=\"176\" height=\"235\" srcset=\"http:\/\/manosabiertasnorte.org\/wp-content\/uploads\/2023\/05\/11407225_837311409649899_5746363728146129537_n.png 463w, http:\/\/manosabiertasnorte.org\/wp-content\/uploads\/2023\/05\/11407225_837311409649899_5746363728146129537_n-225x300.png 225w\" sizes=\"auto, (max-width: 176px) 100vw, 176px\" \/><\/p>\r\n<p>Ante la dificultad de espacio, trasladan la actividad al centro educativo. La entidad va creciendo en n\u00famero de actividades, personas atendidas y personas voluntarias implicadas. De este modo, formalizan la acci\u00f3n con la creaci\u00f3n de una agrupaci\u00f3n juvenil, en 1994, con una estructura lineal formada por un presidente\/a, un secretario\/a y tesorero\/a y vocales (responsables en \u00e1reas espec\u00edficas). En 1995, se concluyen los tr\u00e1mites pasando a denominarse <strong>Asociaci\u00f3n Juvenil Manos Abiertas\u00a0<\/strong>y manteniendo esa misma estructura hasta el a\u00f1o 2015.<\/p>\r\n\r\n\r\n\r\n<p>Durante esos 20 a\u00f1os, Asociaci\u00f3n Juvenil Manos Abiertas ha trabajado tambi\u00e9n en la creaci\u00f3n de redes entre los distintos colectivos que trabajan en la zona manteniendo una estrecha colaboraci\u00f3n y coordinaci\u00f3n con diferentes entidades, administraciones p\u00fablicas y privadas y centros educativos.<\/p>\r\n\r\n\r\n\r\n\r\n\r\n<p>En 2015, cambia su denominaci\u00f3n a\u00a0<strong>Asociaci\u00f3n Manos Abiertas con Norte\u00a0<\/strong>y profesionaliza su intervenci\u00f3n en la zona con la inclusi\u00f3n de una persona trabajadora en la entidad. En la actualidad la entidad est\u00e1 formada por un equipo t\u00e9cnico de 4 personas, 40 personas voluntarias y 70 asociadas. La Junta Directiva est\u00e1 formada por 7 personas asociadas y mantiene un trabajo en red y coordinado con m\u00e1s de 30 entidades p\u00fablicas y privadas.<\/p>\r\n\r\n\r\n\r\n<p>Las actividades han variado a lo largo de estos a\u00f1os seg\u00fan se muestra en el siguiente cuadro:<\/p>\r\n\r\n\r\n\r\n<figure class=\"wp-block-image size-large\"><img loading=\"lazy\" decoding=\"async\" width=\"1024\" height=\"724\" class=\"wp-image-167\" src=\"http:\/\/manosabiertas.org\/wp-content\/uploads\/2023\/05\/actividades-jpg-01-1024x724.jpg\" alt=\"\" srcset=\"http:\/\/manosabiertasnorte.org\/wp-content\/uploads\/2023\/05\/actividades-jpg-01-1024x724.jpg 1024w, http:\/\/manosabiertasnorte.org\/wp-content\/uploads\/2023\/05\/actividades-jpg-01-300x212.jpg 300w, http:\/\/manosabiertasnorte.org\/wp-content\/uploads\/2023\/05\/actividades-jpg-01-768x543.jpg 768w, http:\/\/manosabiertasnorte.org\/wp-content\/uploads\/2023\/05\/actividades-jpg-01.jpg 1128w\" sizes=\"auto, (max-width: 1024px) 100vw, 1024px\" \/><\/figure>\r\n","protected":false},"excerpt":{"rendered":"<p>Manos Abiertas surge como iniciativa en 1992. Un grupo de j\u00f3venes voluntarios\/as, detecta necesidades socioeducativas en la zona de Pol\u00edgono Norte, Sevilla, y comienza a impartir clases de apoyo de matem\u00e1ticas y lengua a los ni\u00f1os y ni\u00f1as de los centros educativos de la zona: Blas Infante y Josefa Amor y Rico (Actualmente IES Inmaculada [&hellip;]<\/p>\n","protected":false},"author":1,"featured_media":0,"parent":0,"menu_order":0,"comment_status":"closed","ping_status":"closed","template":"template-full-width.php","meta":{"footnotes":""},"class_list":["post-195","page","type-page","status-publish","hentry"],"_links":{"self":[{"href":"http:\/\/manosabiertasnorte.org\/index.php\/wp-json\/wp\/v2\/pages\/195","targetHints":{"allow":["GET"]}}],"collection":[{"href":"http:\/\/manosabiertasnorte.org\/index.php\/wp-json\/wp\/v2\/pages"}],"about":[{"href":"http:\/\/manosabiertasnorte.org\/index.php\/wp-json\/wp\/v2\/types\/page"}],"author":[{"embeddable":true,"href":"http:\/\/manosabiertasnorte.org\/index.php\/wp-json\/wp\/v2\/users\/1"}],"replies":[{"embeddable":true,"href":"http:\/\/manosabiertasnorte.org\/index.php\/wp-json\/wp\/v2\/comments?post=195"}],"version-history":[{"count":4,"href":"http:\/\/manosabiertasnorte.org\/index.php\/wp-json\/wp\/v2\/pages\/195\/revisions"}],"predecessor-version":[{"id":364,"href":"http:\/\/manosabiertasnorte.org\/index.php\/wp-json\/wp\/v2\/pages\/195\/revisions\/364"}],"wp:attachment":[{"href":"http:\/\/manosabiertasnorte.org\/index.php\/wp-json\/wp\/v2\/media?parent=195"}],"curies":[{"name":"wp","href":"https:\/\/api.w.org\/{rel}","templated":true}]}}