{"id":205,"date":"2023-05-21T14:12:19","date_gmt":"2023-05-21T14:12:19","guid":{"rendered":"http:\/\/manosabiertasnorte.org\/?page_id=205"},"modified":"2023-05-22T20:36:59","modified_gmt":"2023-05-22T20:36:59","slug":"refuerzo-educativo","status":"publish","type":"page","link":"http:\/\/manosabiertasnorte.org\/index.php\/refuerzo-educativo\/","title":{"rendered":"Refuerzo Educativo"},"content":{"rendered":"\r\n<p>El programa escolar est\u00e1 destinado a mejorar las perspectivas escolares de los chicos y chicas.<\/p>\r\n\r\n\r\n\r\n<p>Trabajamos a trav\u00e9s del refuerzo de destrezas b\u00e1sicas, de la mejora en el h\u00e1bito lector y de la incorporaci\u00f3n plena al ritmo de trabajo en el aula en la exigencia de las diferentes materias.<\/p>\r\n\r\n\r\n\r\n<p>Aportamos a cada alumno\/a nuevas herramientas en su proceso de aprendizaje de tal forma que pueda aplicarlas a otras \u00e1reas acad\u00e9micas y a su propio desarrollo evolutivo y le sean de utilidad en posteriores aprendizajes. En la intervenci\u00f3n adem\u00e1s se trabajan las dificultades espec\u00edficas que se presenten en las diferentes asignaturas.<\/p>\r\n\r\n\r\n<div class=\"wp-block-image\">\r\n<figure class=\"alignleft size-full is-resized\"><img loading=\"lazy\" decoding=\"async\" class=\"wp-image-206 aligncenter\" src=\"http:\/\/manosabiertas.org\/wp-content\/uploads\/2023\/05\/IMG_4666.jpg\" alt=\"\" width=\"477\" height=\"300\" srcset=\"http:\/\/manosabiertasnorte.org\/wp-content\/uploads\/2023\/05\/IMG_4666.jpg 558w, http:\/\/manosabiertasnorte.org\/wp-content\/uploads\/2023\/05\/IMG_4666-300x189.jpg 300w\" sizes=\"auto, (max-width: 477px) 100vw, 477px\" \/><\/figure>\r\n<\/div>\r\n\r\n\r\n<figure class=\"wp-block-image size-full\"><img loading=\"lazy\" decoding=\"async\" width=\"558\" height=\"314\" class=\"wp-image-207 alignleft\" src=\"http:\/\/manosabiertas.org\/wp-content\/uploads\/2023\/05\/IMG-20171019-WA0030.png\" alt=\"\" srcset=\"http:\/\/manosabiertasnorte.org\/wp-content\/uploads\/2023\/05\/IMG-20171019-WA0030.png 558w, http:\/\/manosabiertasnorte.org\/wp-content\/uploads\/2023\/05\/IMG-20171019-WA0030-300x169.png 300w\" sizes=\"auto, (max-width: 558px) 100vw, 558px\" \/><\/figure>\r\n","protected":false},"excerpt":{"rendered":"<p>El programa escolar est\u00e1 destinado a mejorar las perspectivas escolares de los chicos y chicas. Trabajamos a trav\u00e9s del refuerzo de destrezas b\u00e1sicas, de la mejora en el h\u00e1bito lector y de la incorporaci\u00f3n plena al ritmo de trabajo en el aula en la exigencia de las diferentes materias. Aportamos a cada alumno\/a nuevas herramientas [&hellip;]<\/p>\n","protected":false},"author":1,"featured_media":0,"parent":0,"menu_order":0,"comment_status":"closed","ping_status":"closed","template":"template-full-width.php","meta":{"footnotes":""},"class_list":["post-205","page","type-page","status-publish","hentry"],"_links":{"self":[{"href":"http:\/\/manosabiertasnorte.org\/index.php\/wp-json\/wp\/v2\/pages\/205","targetHints":{"allow":["GET"]}}],"collection":[{"href":"http:\/\/manosabiertasnorte.org\/index.php\/wp-json\/wp\/v2\/pages"}],"about":[{"href":"http:\/\/manosabiertasnorte.org\/index.php\/wp-json\/wp\/v2\/types\/page"}],"author":[{"embeddable":true,"href":"http:\/\/manosabiertasnorte.org\/index.php\/wp-json\/wp\/v2\/users\/1"}],"replies":[{"embeddable":true,"href":"http:\/\/manosabiertasnorte.org\/index.php\/wp-json\/wp\/v2\/comments?post=205"}],"version-history":[{"count":2,"href":"http:\/\/manosabiertasnorte.org\/index.php\/wp-json\/wp\/v2\/pages\/205\/revisions"}],"predecessor-version":[{"id":378,"href":"http:\/\/manosabiertasnorte.org\/index.php\/wp-json\/wp\/v2\/pages\/205\/revisions\/378"}],"wp:attachment":[{"href":"http:\/\/manosabiertasnorte.org\/index.php\/wp-json\/wp\/v2\/media?parent=205"}],"curies":[{"name":"wp","href":"https:\/\/api.w.org\/{rel}","templated":true}]}}