{"id":232,"date":"2023-05-21T14:27:05","date_gmt":"2023-05-21T14:27:05","guid":{"rendered":"http:\/\/manosabiertasnorte.org\/?page_id=232"},"modified":"2025-06-11T22:06:51","modified_gmt":"2025-06-11T20:06:51","slug":"hazte-voluntario-a","status":"publish","type":"page","link":"http:\/\/manosabiertasnorte.org\/index.php\/hazte-voluntario-a\/","title":{"rendered":"Hazte voluntario-a"},"content":{"rendered":"\r\n<p>Asociaci\u00f3n Manos Abiertas con Norte favorece la participaci\u00f3n e implicaci\u00f3n de personas con inquietud social en proyectos y acciones que promueven la inclusi\u00f3n de colectivos en riesgo como son la infancia, la adolescencia y la familia.<\/p>\r\n\r\n\r\n\r\n<p>Manos Abiertas con Norte nace como iniciativa voluntaria en 1995 y ha mantenido este car\u00e1cter durante todo su recorrido. Actualmente cuenta con un equipo de personas voluntarias que con su implicaci\u00f3n y experiencia forman la base necesaria para que la entidad pueda desarrollar su labor con el entusiasmo y satisfacci\u00f3n que le caracteriza. Un grupo heterog\u00e9neo con personas con diferentes perfiles profesionales, edades y experiencias que durante a\u00f1os han entregado su esfuerzo y tiempo por los ni\u00f1os, ni\u00f1as y j\u00f3venes de la Asociaci\u00f3n. Y es que es el voluntariado uno de los pilares fundamentales de nuestra intervenci\u00f3n.<\/p>\r\n\r\n\r\n\r\n<p>Puedes sumarte a todas las personas voluntarias que comparten su tiempo, ideas y esfuerzo con personas en riesgo de exclusi\u00f3n social.<\/p>\r\n\r\n\r\n\r\n<p><strong><em>\u00bfQuieres participar?<\/em><\/strong><\/p>\r\n\r\n\r\n\r\n<p>Puedes participar en las numerosas actividades que llevamos a cabo, desde el dise\u00f1o y la planificaci\u00f3n hasta la evaluaci\u00f3n de las mismas. Ajustaremos juntos\/as tu tiempo y preferencias para que tu experiencia voluntaria sea c\u00f3moda, de calidad y nos llene a ambas partes.<\/p>\r\n\r\n\r\n\r\n<p>&#8211; Refuerzo Educativo<\/p>\r\n\r\n\r\n\r\n<p>&#8211; Talleres<\/p>\r\n\r\n\r\n\r\n<p>&#8211; Actividades Deportivas<\/p>\r\n\r\n\r\n\r\n<p>&#8211; Eventos<\/p>\r\n\r\n\r\n\r\n<p>&#8211; Proyectos juveniles<\/p>\r\n\r\n\r\n\r\n<p>&#8211; Aula de Convivencia<\/p>\r\n\r\n\r\n\r\n<p>\u00a1Y otras opciones que podemos descubrir juntos\/as!<\/p>\r\n\r\n\r\n<a href=\"http:\/\/manosabiertasnorte.org\/wp-content\/uploads\/2023\/05\/TRIPTICO-VOLUNTARIADO.pdf\" class=\"pdfemb-viewer\" style=\"\" data-width=\"max\" data-height=\"max\" data-toolbar=\"top\" data-toolbar-fixed=\"on\">TRIPTICO-VOLUNTARIADO<\/a>\r\n<p class=\"wp-block-pdfemb-pdf-embedder-viewer\">\u00a0<\/p>\r\n\r\n\r\n\r\n<p>Aqu\u00ed tienes toda la documentaci\u00f3n necesaria para hacerte voluntario o voluntaria en nuestra asociaci\u00f3n.<\/p>\r\n\r\n\r\n<a href=\"http:\/\/manosabiertasnorte.org\/wp-content\/uploads\/2023\/05\/Bienvenida-Voluntarios-curso-2019-20.pdf\" class=\"pdfemb-viewer\" style=\"\" data-width=\"max\" data-height=\"max\" data-toolbar=\"top\" data-toolbar-fixed=\"on\">Bienvenida-Voluntarios-curso-2019-20<\/a>\r\n<p class=\"wp-block-pdfemb-pdf-embedder-viewer\">\u00a0<\/p>\r\n\r\n\r\n\r\n<p>&nbsp;<\/p>\r\n\r\n\r\n<a href=\"http:\/\/manosabiertasnorte.org\/wp-content\/uploads\/2023\/05\/AUTORIZACI-N-VOLUNTARIADO-MENORES.pdf\" class=\"pdfemb-viewer\" style=\"\" data-width=\"max\" data-height=\"max\" data-toolbar=\"top\" data-toolbar-fixed=\"on\">AUTORIZACI-N-VOLUNTARIADO-MENORES<\/a>\r\n<p class=\"wp-block-pdfemb-pdf-embedder-viewer\">\u00a0<\/p>\r\n\r\n\r\n<a href=\"http:\/\/manosabiertasnorte.org\/wp-content\/uploads\/2023\/05\/Autorizacion-solicitud-antecedentes-sexuales.pdf\" class=\"pdfemb-viewer\" style=\"\" data-width=\"max\" data-height=\"max\" data-toolbar=\"top\" data-toolbar-fixed=\"on\">Autorizacion-solicitud-antecedentes-sexuales<\/a>\r\n<p class=\"wp-block-pdfemb-pdf-embedder-viewer\">\u00a0<\/p>\r\n\r\n\r\n<a href=\"http:\/\/manosabiertasnorte.org\/wp-content\/uploads\/2023\/05\/Inscripcion-Voluntarios.pdf\" class=\"pdfemb-viewer\" style=\"\" data-width=\"max\" data-height=\"max\" data-toolbar=\"top\" data-toolbar-fixed=\"on\">Inscripcion-Voluntarios<\/a>\r\n<p class=\"wp-block-pdfemb-pdf-embedder-viewer\">\u00a0<\/p>\r\n\r\n\r\n\r\n<p class=\"has-very-light-gray-to-cyan-bluish-gray-gradient-background has-background\">\u00abEn cumplimiento del Reglamento General de Protecci\u00f3n de Datos (UE) 2016\/679 del Parlamento Europeo y del Consejo de 27 de abril de 2016 y la ley org\u00e1nica 3\/2018 de 5 de diciembre de Protecci\u00f3n de Datos Personales y de Garant\u00eda de los Derechos Digitales le informamos que los datos por Vd. proporcionados ser\u00e1n objeto de tratamiento por parte de ASOCIACI\u00d3N MANOS ABIERTAS CON NORTE con CIF G41753435, con domicilio en SEVILLA (SEVILLA), C.P. 41009, CALLE MEL\u00c9NDEZ VALD\u00c9S N\u00ba 28 , con la finalidad de prestarle el servicio solicitado y\/o contratado, realizar la facturaci\u00f3n del mismo. La base legal para el tratamiento de sus datos es la ejecuci\u00f3n del servicio por usted contratado y\/o solicitado. La oferta prospectiva de productos y servicios est\u00e1 basada en el consentimiento que se le solicita, sin que en ning\u00fan caso la retirada de este consentimiento condicione la ejecuci\u00f3n del contrato. Los datos proporcionados se conservar\u00e1n mientras se mantenga la relaci\u00f3n comercial o durante los a\u00f1os necesarios para cumplir con las obligaciones legales. Los datos no se ceder\u00e1n a terceros salvo en los casos en que exista una obligaci\u00f3n legal. Usted tiene derecho a obtener confirmaci\u00f3n sobre si en ASOCIACI\u00d3N MANOS ABIERTAS CON NORTE estamos tratando sus datos personales y por tanto tiene derecho a ejercer sus derechos de acceso, rectificaci\u00f3n, limitaci\u00f3n del tratamiento, portabilidad, oposici\u00f3n al tratamiento y supresi\u00f3n de sus datos mediante escrito dirigido a la direcci\u00f3n postal arriba mencionada o electr\u00f3nica manosabiertas@lasalleandalucia.net, adjuntando copia del DNI en ambos casos, as\u00ed como el derecho a presentar una reclamaci\u00f3n ante la Autoridad de Control (aepd.es) Asimismo le solicitamos su autorizaci\u00f3n para ofrecerle productos y servicios relacionados con los solicitados, prestados y\/o comercializados por nuestra entidad y poder de esa forma fidelizarle como cliente.<\/p>\r\n\r\n<p>&nbsp;<\/p>","protected":false},"excerpt":{"rendered":"<p>Asociaci\u00f3n Manos Abiertas con Norte favorece la participaci\u00f3n e implicaci\u00f3n de personas con inquietud social en proyectos y acciones que promueven la inclusi\u00f3n de colectivos en riesgo como son la infancia, la adolescencia y la familia. Manos Abiertas con Norte nace como iniciativa voluntaria en 1995 y ha mantenido este car\u00e1cter durante todo su recorrido. [&hellip;]<\/p>\n","protected":false},"author":1,"featured_media":0,"parent":0,"menu_order":0,"comment_status":"closed","ping_status":"closed","template":"template-full-width.php","meta":{"footnotes":""},"class_list":["post-232","page","type-page","status-publish","hentry"],"_links":{"self":[{"href":"http:\/\/manosabiertasnorte.org\/index.php\/wp-json\/wp\/v2\/pages\/232","targetHints":{"allow":["GET"]}}],"collection":[{"href":"http:\/\/manosabiertasnorte.org\/index.php\/wp-json\/wp\/v2\/pages"}],"about":[{"href":"http:\/\/manosabiertasnorte.org\/index.php\/wp-json\/wp\/v2\/types\/page"}],"author":[{"embeddable":true,"href":"http:\/\/manosabiertasnorte.org\/index.php\/wp-json\/wp\/v2\/users\/1"}],"replies":[{"embeddable":true,"href":"http:\/\/manosabiertasnorte.org\/index.php\/wp-json\/wp\/v2\/comments?post=232"}],"version-history":[{"count":6,"href":"http:\/\/manosabiertasnorte.org\/index.php\/wp-json\/wp\/v2\/pages\/232\/revisions"}],"predecessor-version":[{"id":649,"href":"http:\/\/manosabiertasnorte.org\/index.php\/wp-json\/wp\/v2\/pages\/232\/revisions\/649"}],"wp:attachment":[{"href":"http:\/\/manosabiertasnorte.org\/index.php\/wp-json\/wp\/v2\/media?parent=232"}],"curies":[{"name":"wp","href":"https:\/\/api.w.org\/{rel}","templated":true}]}}