{"id":241,"date":"2023-05-21T14:30:24","date_gmt":"2023-05-21T14:30:24","guid":{"rendered":"http:\/\/manosabiertasnorte.org\/?page_id=241"},"modified":"2024-05-29T21:46:31","modified_gmt":"2024-05-29T19:46:31","slug":"haz-un-donativo","status":"publish","type":"page","link":"http:\/\/manosabiertasnorte.org\/index.php\/haz-un-donativo\/","title":{"rendered":"Haz un donativo"},"content":{"rendered":"\r\n<p>APADRINA A UN NI\u00d1O\/A<\/p>\r\n\r\n\r\n\r\n<p>Otra de las maneras de colaborar con la misi\u00f3n y los proyectos que desarrolla Manos Abiertas, en el Pol\u00edgono Norte de Sevilla, consiste en la financiaci\u00f3n de determinadas actividades o el apadrinamiento educativo de alguno de los menores beneficiarios de la entidad.<\/p>\r\n\r\n\r\n\r\n<p>A parte del grupo de socios y del equipo de voluntariado, si desea participar y aportar su grano de arena a la realidad que es Manos Abiertas, puede hacerlo aportando la cantidad que supone apoyar educativamente, durante un curso, a un menor inscrito en los distintos programas que desarrolla nuestra asociaci\u00f3n.<\/p>\r\n\r\n\r\n\r\n<p>M\u00e1s detalladamente, un curso escolar completo para uno de nuestros menores ser\u00eda equivalente a un coste de 50\u20ac. La idea del \u00abapadrinar\u00bb nace con la finalidad de financiar a alguno de estos chicos y chicas, de esta manera se mejorar\u00edan los materiales, la infraestructura y los recursos de los que dispone dicho menor. Asimismo, se potenciar\u00eda la eficacia en la consecuci\u00f3n de los objetivos marcados por la entidad para con los menores a los que atiende desde distintos prismas.<\/p>\r\n\r\n\r\n\r\n<p>\u00bfA qu\u00e9 esperas? \u00a0\u00a1An\u00edmate y apadrina! Son muchas las familias y menores que agradecer\u00e1n tu colaboraci\u00f3n. Nuestra cuenta: <strong>ES 63 2100 2409 5002 0019 2504<\/strong><\/p>\r\n\r\n\r\n\r\n<figure class=\"wp-block-image size-full is-resized\"><img loading=\"lazy\" decoding=\"async\" class=\"wp-image-242\" src=\"http:\/\/manosabiertasnorte.org\/wp-content\/uploads\/2023\/05\/Selection_033.jpg\" alt=\"\" width=\"894\" height=\"138\" srcset=\"http:\/\/manosabiertasnorte.org\/wp-content\/uploads\/2023\/05\/Selection_033.jpg 884w, http:\/\/manosabiertasnorte.org\/wp-content\/uploads\/2023\/05\/Selection_033-300x46.jpg 300w, http:\/\/manosabiertasnorte.org\/wp-content\/uploads\/2023\/05\/Selection_033-768x119.jpg 768w\" sizes=\"auto, (max-width: 894px) 100vw, 894px\" \/><\/figure>\r\n","protected":false},"excerpt":{"rendered":"<p>APADRINA A UN NI\u00d1O\/A Otra de las maneras de colaborar con la misi\u00f3n y los proyectos que desarrolla Manos Abiertas, en el Pol\u00edgono Norte de Sevilla, consiste en la financiaci\u00f3n de determinadas actividades o el apadrinamiento educativo de alguno de los menores beneficiarios de la entidad. A parte del grupo de socios y del equipo [&hellip;]<\/p>\n","protected":false},"author":1,"featured_media":0,"parent":0,"menu_order":0,"comment_status":"closed","ping_status":"closed","template":"template-full-width.php","meta":{"footnotes":""},"class_list":["post-241","page","type-page","status-publish","hentry"],"_links":{"self":[{"href":"http:\/\/manosabiertasnorte.org\/index.php\/wp-json\/wp\/v2\/pages\/241","targetHints":{"allow":["GET"]}}],"collection":[{"href":"http:\/\/manosabiertasnorte.org\/index.php\/wp-json\/wp\/v2\/pages"}],"about":[{"href":"http:\/\/manosabiertasnorte.org\/index.php\/wp-json\/wp\/v2\/types\/page"}],"author":[{"embeddable":true,"href":"http:\/\/manosabiertasnorte.org\/index.php\/wp-json\/wp\/v2\/users\/1"}],"replies":[{"embeddable":true,"href":"http:\/\/manosabiertasnorte.org\/index.php\/wp-json\/wp\/v2\/comments?post=241"}],"version-history":[{"count":6,"href":"http:\/\/manosabiertasnorte.org\/index.php\/wp-json\/wp\/v2\/pages\/241\/revisions"}],"predecessor-version":[{"id":590,"href":"http:\/\/manosabiertasnorte.org\/index.php\/wp-json\/wp\/v2\/pages\/241\/revisions\/590"}],"wp:attachment":[{"href":"http:\/\/manosabiertasnorte.org\/index.php\/wp-json\/wp\/v2\/media?parent=241"}],"curies":[{"name":"wp","href":"https:\/\/api.w.org\/{rel}","templated":true}]}}