{"id":270,"date":"2023-05-21T15:02:18","date_gmt":"2023-05-21T15:02:18","guid":{"rendered":"http:\/\/manosabiertasnorte.org\/?page_id=270"},"modified":"2026-04-15T18:20:58","modified_gmt":"2026-04-15T16:20:58","slug":"transparencia-2","status":"publish","type":"page","link":"http:\/\/manosabiertasnorte.org\/index.php\/transparencia-2\/","title":{"rendered":"Transparencia"},"content":{"rendered":"<p>!&#8211; wp:paragraph &#8211;&gt;<\/p>\r\n<p>La Asociaci\u00f3n Manos Abiertas con Norte apuesta por la transparencia como uno de los objetivos prioritarios de intervenci\u00f3n.<\/p>\r\n<!-- \/wp:post-content -->\r\n\r\n<!-- wp:paragraph -->\r\n<p>Por ello, si quieres saber m\u00e1s sobre nosotros, podr\u00e1s encontrar documentaci\u00f3n institucional en las que aparece todo aquello que hemos realizado durante estos \u00faltimos a\u00f1os. Esperemos sirvan para acercarte m\u00e1s a\u00fan a nuestra asociaci\u00f3n y a la realidad en la que estamos inmersos.<\/p>\r\n<!-- \/wp:paragraph -->\r\n\r\n<!-- wp:paragraph -->\r\n<table style=\"width: 100%; border-collapse: collapse; border-color: #1035de; background-color: #b2d2eb; border-style: solid; height: 518px;\">\r\n<tbody>\r\n<tr style=\"height: 24px;\">\r\n<td style=\"width: 18.8411%; text-align: center; height: 24px;\"><strong>Documentos Institucionales<\/strong><\/td>\r\n<td style=\"width: 21.1589%; text-align: center; height: 24px;\"><strong>Memorias Anuales<\/strong><\/td>\r\n<td style=\"width: 20%; text-align: center; height: 24px;\"><strong>Memoria Econ\u00f3mica<\/strong><\/td>\r\n<td style=\"width: 21.904%; text-align: center; height: 24px;\"><strong>Balance de cuentas<\/strong><\/td>\r\n<td style=\"width: 18.096%; text-align: center; height: 24px;\"><strong>Otros documentos<\/strong><\/td>\r\n<\/tr>\r\n<tr style=\"height: 79px;\">\r\n<td class=\"imVc\" style=\"width: 18.8411%; text-align: left; height: 79px;\">\r\n<div>\r\n<p><span class=\"fs10lh1-5\">Estatutos Asociaci\u00f3n <a class=\"imCssLink inline-block\" href=\"http:\/\/manosabiertasnorte.org\/wp-content\/uploads\/2026\/04\/ESTATUTOS-2022-MANOS-ABIERTAS.pdf\"><img loading=\"lazy\" decoding=\"async\" class=\"image-1 alignnone\" src=\"http:\/\/manosabiertasnorte.org\/images\/pdf.png\" alt=\"\" width=\"40\" height=\"13\" \/><\/a><\/span><\/p>\r\n<\/div>\r\n<\/td>\r\n<td class=\"imVc\" style=\"width: 21.1589%; text-align: left; height: 79px;\">\r\n<p>Memoria anual 2014 <a class=\"imCssLink inline-block\" href=\"http:\/\/manosabiertasnorte.org\/files\/memoria-anual-mmaa-2014.pdf\" target=\"_blank\" rel=\"noopener\"><img decoding=\"async\" class=\"image-0\" title=\"\" src=\"http:\/\/manosabiertasnorte.org\/images\/pdf.png\" alt=\"\" \/><\/a><\/p>\r\n<\/td>\r\n<td class=\"imVc\" style=\"width: 20%; text-align: left; height: 79px;\">\r\n<p>Memoria econ\u00f3mica 2014 <a href=\"http:\/\/manosabiertasnorte.org\/files\/memoria-anual-mmaa-2014.pdf\"><img loading=\"lazy\" decoding=\"async\" class=\"image-0 alignnone\" style=\"font-family: inherit; font-size: inherit;\" src=\"http:\/\/manosabiertasnorte.org\/images\/pdf.png\" alt=\"\" width=\"40\" height=\"13\" \/><\/a><\/p>\r\n<\/td>\r\n<td style=\"width: 21.904%; height: 79px; text-align: center;\">\r\n<p style=\"text-align: left;\">Balance cuentas 2014\u00a0<\/p>\r\n<\/td>\r\n<td style=\"width: 18.096%; height: 79px; text-align: left;\">\r\n<div>\r\n<p>C\u00f3digo \u00e9tico y de conducta <a class=\"imCssLink inline-block\" style=\"font-family: inherit; font-size: inherit;\" href=\"http:\/\/manosabiertasnorte.org\/files\/C-DIGO-ETICO-Y-DE-CONDUCTA.pdf\"><img decoding=\"async\" class=\"image-0\" title=\"\" src=\"http:\/\/manosabiertasnorte.org\/images\/pdf.png\" alt=\"\" \/><\/a><\/p>\r\n<\/div>\r\n<\/td>\r\n<\/tr>\r\n<tr style=\"height: 55px;\">\r\n<td class=\"imVc\" style=\"width: 18.8411%; text-align: left; height: 55px;\">\r\n<div>\r\n<p><span class=\"fs10lh1-5\">Acta funcional <a class=\"imCssLink inline-block\" href=\"http:\/\/manosabiertasnorte.org\/files\/ACTA-FUNDACIONAL.JPG\"><img decoding=\"async\" class=\"image-3\" title=\"\" src=\"http:\/\/manosabiertasnorte.org\/images\/pdf.png\" alt=\"\" \/><\/a><\/span><\/p>\r\n<\/div>\r\n<\/td>\r\n<td class=\"imVc\" style=\"width: 21.1589%; text-align: left; height: 55px;\">\r\n<p>Memoria anual 2015 <a class=\"imCssLink inline-block\" href=\"http:\/\/manosabiertasnorte.org\/files\/memoria-anual-mmaa-2015.pdf\" target=\"_blank\" rel=\"noopener\"><img loading=\"lazy\" decoding=\"async\" class=\"image-0 alignnone\" src=\"http:\/\/manosabiertasnorte.org\/images\/pdf.png\" alt=\"\" width=\"40\" height=\"13\" \/><\/a><\/p>\r\n<\/td>\r\n<td class=\"imVc\" style=\"width: 20%; text-align: left; height: 55px;\">\r\n<p>Memoria econ\u00f3mica 2015 <a class=\"imCssLink inline-block\" style=\"font-family: inherit; font-size: inherit;\" href=\"http:\/\/manosabiertasnorte.org\/files\/MEMORIA-ECONOMICA-2015.pdf\"><img decoding=\"async\" class=\"image-1\" title=\"\" src=\"http:\/\/manosabiertasnorte.org\/images\/pdf.png\" alt=\"\" \/><\/a><\/p>\r\n<\/td>\r\n<td style=\"width: 21.904%; height: 55px; text-align: center;\">\r\n<p style=\"text-align: left;\">Balance cuentas 2015<span style=\"font-family: inherit; font-size: inherit; text-align: center;\"> <a class=\"imCssLink inline-block\" href=\"http:\/\/manosabiertasnorte.org\/files\/Balance-2015.pdf\"><img loading=\"lazy\" decoding=\"async\" class=\"image-7 alignnone\" src=\"http:\/\/manosabiertasnorte.org\/images\/pdf.png\" alt=\"\" width=\"40\" height=\"13\" \/><\/a><\/span><\/p>\r\n<\/td>\r\n<td style=\"width: 18.096%; height: 55px; text-align: left;\">\r\n<div class=\"imTACenter\">\r\n<p>C\u00f3digo \u00e9tico de voluntariado <a class=\"imCssLink inline-block\" href=\"http:\/\/manosabiertasnorte.org\/files\/CODIGO-ETICO-VOLUNTARIADO.pdf\"><img decoding=\"async\" class=\"image-1\" title=\"\" src=\"http:\/\/manosabiertasnorte.org\/images\/pdf.png\" alt=\"\" \/><\/a><\/p>\r\n<\/div>\r\n<\/td>\r\n<\/tr>\r\n<tr style=\"height: 99px;\">\r\n<td class=\"imVc\" style=\"width: 18.8411%; text-align: left; height: 99px;\">\r\n<div>\r\n<p><span class=\"fs10lh1-5\">Inscripci\u00f3n Registro de Asociaciones\u00a0 <a class=\"imCssLink inline-block\" href=\"http:\/\/manosabiertasnorte.org\/files\/registro2018.pdf\"><img decoding=\"async\" class=\"image-4\" title=\"\" src=\"http:\/\/manosabiertasnorte.org\/images\/pdf.png\" alt=\"\" \/><\/a>\u00a0<\/span><\/p>\r\n<\/div>\r\n<\/td>\r\n<td class=\"imVc\" style=\"width: 21.1589%; text-align: left; height: 99px;\">\r\n<div class=\"imTALeft\">\r\n<p><span class=\"fs11lh1-5\">Memoria anual 2016 <a class=\"imCssLink inline-block\" href=\"http:\/\/manosabiertasnorte.org\/files\/memoria-anual-mmaa-2016.pdf\" target=\"_blank\" rel=\"noopener\"><img loading=\"lazy\" decoding=\"async\" class=\"image-0 alignnone\" src=\"http:\/\/manosabiertasnorte.org\/images\/pdf.png\" alt=\"\" width=\"40\" height=\"13\" \/><\/a><\/span><\/p>\r\n<\/div>\r\n<\/td>\r\n<td class=\"imVc\" style=\"width: 20%; text-align: left; height: 99px;\">\r\n<p>Memoria econ\u00f3mica 2016 <a class=\"imCssLink inline-block\" style=\"font-family: inherit; font-size: inherit;\" href=\"http:\/\/manosabiertasnorte.org\/files\/MEMORIA-ECON-MICA-2016.pdf\"><img decoding=\"async\" class=\"image-2\" title=\"\" src=\"http:\/\/manosabiertasnorte.org\/images\/pdf.png\" alt=\"\" \/><\/a><\/p>\r\n<\/td>\r\n<td style=\"width: 21.904%; height: 99px; text-align: center;\">\r\n<p style=\"text-align: left;\">Balance cuentas 2016 <span style=\"font-family: inherit; font-size: inherit; text-align: center;\"><a class=\"imCssLink inline-block\" href=\"http:\/\/manosabiertasnorte.org\/files\/Balance-2016.pdf\"><img loading=\"lazy\" decoding=\"async\" class=\"image-7 alignnone\" src=\"http:\/\/manosabiertasnorte.org\/images\/pdf.png\" alt=\"\" width=\"40\" height=\"13\" \/><\/a><\/span><\/p>\r\n<\/td>\r\n<td style=\"width: 18.096%; height: 99px; text-align: left;\">\r\n<p>Calidad, buen gobierno<\/p>\r\n<p>y buenas pr\u00e1cticas <a class=\"imCssLink inline-block\" href=\"http:\/\/manosabiertasnorte.org\/files\/Calidad,-buen-gobierno-y-Buenas-Practicas.pdf\"><img decoding=\"async\" class=\"image-2\" title=\"\" src=\"http:\/\/manosabiertasnorte.org\/images\/pdf.png\" alt=\"\" \/><\/a><\/p>\r\n<\/td>\r\n<\/tr>\r\n<tr style=\"height: 79px;\">\r\n<td class=\"imVc\" style=\"width: 18.8411%; text-align: left; height: 79px;\">\r\n<div>\r\n<p><span class=\"fs10lh1-5\">Registro General de Entidades de Voluntariado <a class=\"imCssLink inline-block\" href=\"http:\/\/manosabiertasnorte.org\/files\/registro2018.pdf\"><img decoding=\"async\" class=\"image-4\" title=\"\" src=\"http:\/\/manosabiertasnorte.org\/images\/pdf.png\" alt=\"\" \/><\/a><\/span><\/p>\r\n<\/div>\r\n<\/td>\r\n<td class=\"imVc\" style=\"width: 21.1589%; text-align: left; height: 79px;\">\r\n<div>\r\n<div>\r\n<p><span class=\"fs11lh1-5\">Memoria anual 2017 <a class=\"imCssLink inline-block\" href=\"http:\/\/manosabiertasnorte.org\/files\/memoria-anual-mmaa-2017-CORREOS--1-.pdf\" target=\"_blank\" rel=\"noopener\"><img loading=\"lazy\" decoding=\"async\" class=\"image-0 alignnone\" src=\"http:\/\/manosabiertasnorte.org\/images\/pdf.png\" alt=\"\" width=\"40\" height=\"13\" \/><\/a><\/span><\/p>\r\n<\/div>\r\n<\/div>\r\n<\/td>\r\n<td class=\"imVc\" style=\"width: 20%; text-align: left; height: 79px;\">\r\n<p>Memoria econ\u00f3mica 2017 <a class=\"imCssLink inline-block\" href=\"http:\/\/manosabiertasnorte.org\/files\/MEMORIA-ECONOMICA-2017.pdf\" target=\"_blank\" rel=\"noopener\"><img decoding=\"async\" class=\"image-3\" title=\"\" src=\"http:\/\/manosabiertasnorte.org\/images\/pdf_hcq57ov5.png\" alt=\"\" \/><\/a><\/p>\r\n<\/td>\r\n<td style=\"width: 21.904%; height: 79px; text-align: left;\">\r\n<p>Balance cuentas 2017 <a class=\"imCssLink inline-block\" style=\"font-family: inherit; font-size: inherit;\" href=\"http:\/\/manosabiertasnorte.org\/files\/Balance-2017.pdf\" target=\"_blank\" rel=\"noopener\"><img decoding=\"async\" class=\"image-3\" title=\"\" src=\"http:\/\/manosabiertasnorte.org\/images\/pdf.png\" alt=\"\" \/><\/a><\/p>\r\n<\/td>\r\n<td style=\"width: 18.096%; height: 79px; text-align: left;\">\r\n<div class=\"imTACenter\">\r\n<p>Memoria igualdad de g\u00e9nero <a class=\"imCssLink inline-block\" href=\"http:\/\/manosabiertasnorte.org\/files\/memoria-de-Genero-2021.pdf\"><img decoding=\"async\" class=\"image-3\" title=\"\" src=\"http:\/\/manosabiertasnorte.org\/images\/pdf.png\" alt=\"\" \/><\/a><\/p>\r\n<\/div>\r\n<\/td>\r\n<\/tr>\r\n<tr style=\"height: 24px;\">\r\n<td style=\"width: 18.8411%; height: 24px; text-align: center;\">\u00a0<\/td>\r\n<td class=\"imVc\" style=\"width: 21.1589%; text-align: left; height: 24px;\">\r\n<p>Memoria anual 2018 <a class=\"imCssLink inline-block\" href=\"http:\/\/manosabiertasnorte.org\/files\/memoria-anual-mmaa-2018.pdf\" target=\"_blank\" rel=\"noopener\"><img loading=\"lazy\" decoding=\"async\" class=\"image-0 alignnone\" src=\"http:\/\/manosabiertasnorte.org\/images\/pdf.png\" alt=\"\" width=\"40\" height=\"13\" \/><\/a><\/p>\r\n<\/td>\r\n<td class=\"imVc\" style=\"width: 20%; text-align: left; height: 24px;\">\r\n<p><span class=\"fs11lh1-5\">Memoria econ\u00f3mica 2018 <\/span><a class=\"imCssLink inline-block\" href=\"http:\/\/manosabiertasnorte.org\/files\/MEMORIA-ECONOMICA-2018.pdf\"><img decoding=\"async\" class=\"image-5\" title=\"\" src=\"http:\/\/manosabiertasnorte.org\/images\/pdf.png\" alt=\"\" \/><\/a><\/p>\r\n<\/td>\r\n<td style=\"width: 21.904%; height: 24px; text-align: left;\">\r\n<p>Balance cuentas 2018 <a class=\"imCssLink inline-block\" style=\"font-family: inherit; font-size: inherit;\" href=\"http:\/\/manosabiertasnorte.org\/files\/Balance-2018---Firmado.pdf\"><img decoding=\"async\" class=\"image-4\" title=\"\" src=\"http:\/\/manosabiertasnorte.org\/images\/pdf.png\" alt=\"\" \/><\/a><\/p>\r\n<\/td>\r\n<td style=\"width: 18.096%; height: 24px; text-align: center;\">\r\n<div class=\"imTACenter\"><a class=\"imCssLink inline-block\" href=\"http:\/\/manosabiertasnorte.org\/files\/Dossier Prensa Manos Abiertas.pdf\">Dossier de prensa 2022 <img decoding=\"async\" class=\"image-3\" title=\"\" src=\"http:\/\/manosabiertasnorte.org\/images\/pdf.png\" alt=\"\" \/><\/a><\/div>\r\n<\/td>\r\n<\/tr>\r\n<tr style=\"height: 24px;\">\r\n<td style=\"width: 18.8411%; height: 24px; text-align: center;\">\u00a0<\/td>\r\n<td class=\"imVc\" style=\"width: 21.1589%; text-align: left; height: 24px;\">\r\n<div>\r\n<p><span class=\"fs11lh1-5\">Memoria anual 2019 <a class=\"imCssLink inline-block\" href=\"http:\/\/manosabiertasnorte.org\/files\/memoria-anual-mmaa-2019--1-_compressed.pdf\" target=\"_blank\" rel=\"noopener\"><img loading=\"lazy\" decoding=\"async\" class=\"image-0 alignnone\" src=\"http:\/\/manosabiertasnorte.org\/images\/pdf.png\" alt=\"\" width=\"40\" height=\"13\" \/><\/a><\/span><\/p>\r\n<\/div>\r\n<\/td>\r\n<td class=\"imVc\" style=\"width: 20%; text-align: left; height: 24px;\">\r\n<p>Memoria econ\u00f3mica 2019 <a class=\"imCssLink inline-block\" href=\"http:\/\/manosabiertasnorte.org\/files\/MEMORIA-ECONOMICA-2019-FIRMADA.pdf\"><img decoding=\"async\" class=\"image-4\" title=\"\" src=\"http:\/\/manosabiertasnorte.org\/images\/pdf.png\" alt=\"\" \/><\/a><\/p>\r\n<\/td>\r\n<td style=\"width: 21.904%; height: 24px; text-align: left;\">\r\n<p>Balance cuentas 2019 <a class=\"imCssLink inline-block\" href=\"http:\/\/manosabiertasnorte.org\/files\/Balance-Situacion-2019-FIRMADA.pdf\"><img decoding=\"async\" class=\"image-6\" title=\"\" src=\"http:\/\/manosabiertasnorte.org\/images\/pdf.png\" alt=\"\" \/><\/a><\/p>\r\n<\/td>\r\n<td style=\"width: 18.096%; height: 24px; text-align: center;\">\u00a0<\/td>\r\n<\/tr>\r\n<tr style=\"height: 24px;\">\r\n<td style=\"width: 18.8411%; height: 24px; text-align: center;\">\u00a0<\/td>\r\n<td class=\"imVc\" style=\"width: 21.1589%; text-align: left; height: 24px;\">\r\n<p>Memoria anual 2020 <a class=\"imCssLink inline-block\" href=\"http:\/\/manosabiertasnorte.org\/files\/memoria-anual-mmaa-2020.pdf\" target=\"_blank\" rel=\"noopener\"><img loading=\"lazy\" decoding=\"async\" class=\"image-0 alignnone\" src=\"http:\/\/manosabiertasnorte.org\/images\/pdf.png\" alt=\"\" width=\"40\" height=\"13\" \/><\/a><\/p>\r\n<\/td>\r\n<td class=\"imVc\" style=\"width: 20%; text-align: center; height: 24px;\">\r\n<p style=\"text-align: left;\"><span style=\"font-family: inherit; font-size: inherit;\">Memoria econ\u00f3mica 2020 <\/span><a class=\"imCssLink inline-block\" href=\"http:\/\/manosabiertasnorte.org\/files\/MEMORIA-ECON-MICA-2020.pdf\"><img decoding=\"async\" class=\"image-7\" title=\"\" src=\"http:\/\/manosabiertasnorte.org\/images\/pdf.png\" alt=\"\" \/><\/a><\/p>\r\n<\/td>\r\n<td style=\"width: 21.904%; height: 24px; text-align: left;\">\r\n<p>Balance cuentas 2020 <a class=\"imCssLink inline-block\" style=\"font-family: inherit; font-size: inherit;\" href=\"http:\/\/manosabiertasnorte.org\/files\/BALANCE-2020.pdf\"><img decoding=\"async\" class=\"image-5\" title=\"\" src=\"http:\/\/manosabiertasnorte.org\/images\/pdf_hcq57ov5.png\" alt=\"\" \/><\/a><\/p>\r\n<\/td>\r\n<td style=\"width: 18.096%; height: 24px; text-align: center;\">\u00a0<\/td>\r\n<\/tr>\r\n<tr style=\"height: 55px;\">\r\n<td style=\"width: 18.8411%; height: 55px;\">\u00a0<\/td>\r\n<td class=\"imVc\" style=\"width: 21.1589%; height: 55px;\">\r\n<p>Memoria anual 2021 <a class=\"imCssLink inline-block\" href=\"http:\/\/manosabiertasnorte.org\/files\/memoria-anual-mmaa-2021.pdf\" target=\"_blank\" rel=\"noopener\"><img loading=\"lazy\" decoding=\"async\" class=\"image-0 alignnone\" src=\"http:\/\/manosabiertasnorte.org\/images\/pdf.png\" alt=\"\" width=\"40\" height=\"13\" \/><\/a><\/p>\r\n<\/td>\r\n<td class=\"imVc\" style=\"width: 20%; height: 55px;\">\r\n<p>Memoria econ\u00f3mica 2021 <a class=\"imCssLink inline-block\" href=\"http:\/\/manosabiertasnorte.org\/files\/MEMORIA-ECON-MICA-2021.pdf\"><img decoding=\"async\" class=\"image-6\" title=\"\" src=\"http:\/\/manosabiertasnorte.org\/images\/pdf.png\" alt=\"\" \/><\/a><\/p>\r\n<\/td>\r\n<td style=\"width: 21.904%; height: 55px;\">\r\n<p>Balance cuentas 2021 <a class=\"imCssLink inline-block\" href=\"http:\/\/manosabiertasnorte.org\/files\/Balance-2021.pdf\"><img decoding=\"async\" class=\"image-7\" title=\"\" src=\"http:\/\/manosabiertasnorte.org\/images\/pdf.png\" alt=\"\" \/><\/a><\/p>\r\n<\/td>\r\n<td style=\"width: 18.096%; height: 55px;\">\u00a0<\/td>\r\n<\/tr>\r\n<tr style=\"height: 55px;\">\r\n<td style=\"width: 18.8411%; text-align: left; height: 55px;\">\u00a0<\/td>\r\n<td class=\"imVc\" style=\"width: 21.1589%; text-align: left; height: 55px;\">\r\n<p>Memoria anual 2022 <a href=\"http:\/\/manosabiertasnorte.org\/wp-content\/uploads\/2023\/05\/MEMORIA-DE-ACTIVIDADES-2022-1.pdf\"><img loading=\"lazy\" decoding=\"async\" class=\"image-0 alignnone\" src=\"http:\/\/manosabiertasnorte.org\/images\/pdf.png\" alt=\"\" width=\"40\" height=\"13\" \/><\/a><\/p>\r\n<\/td>\r\n<td class=\"imVc\" style=\"width: 20%; text-align: left; height: 55px;\">\r\n<p><a href=\"http:\/\/manosabiertasnorte.org\/files\/MEMORIA%20ECON%C3%93MICA%202022.pdf\">Memoria econ\u00f3mica 2022<\/a> <a href=\"http:\/\/manosabiertasnorte.org\/files\/MEMORIA%20ECON%C3%93MICA%202022.pdf\" target=\"_blank\" rel=\"noopener\"><img decoding=\"async\" src=\"http:\/\/manosabiertasnorte.org\/images\/pdf.png\" \/><\/a><\/p>\r\n<\/td>\r\n<td style=\"width: 21.904%; text-align: left; height: 55px;\">\r\n<p><a href=\"http:\/\/manosabiertasnorte.org\/files\/BALANCE%20CUENTAS%202022.pdf\" target=\"_blank\" rel=\"noopener\">Balance cuentas 2022 <img decoding=\"async\" src=\"http:\/\/manosabiertasnorte.org\/images\/pdf.png\" \/><\/a><\/p>\r\n<p><a href=\"http:\/\/manosabiertasnorte.org\/files\/P%C3%89RDIDAS%20Y%20GANANCIAS%202022.pdf\" target=\"_blank\" rel=\"noopener\">P\u00e9rdidas y Ganancias 2022 <img decoding=\"async\" src=\"http:\/\/manosabiertasnorte.org\/images\/pdf.png\" \/><\/a><\/p>\r\n<\/td>\r\n<td style=\"width: 18.096%; text-align: left; height: 55px;\">\u00a0<\/td>\r\n<\/tr>\r\n<tr style=\"height: 55px;\">\r\n<td style=\"width: 18.8411%; text-align: left; height: 55px;\">\u00a0<\/td>\r\n<td class=\"imVc\" style=\"width: 21.1589%; text-align: left; height: 55px;\">\r\n<p><a href=\"http:\/\/manosabiertasnorte.org\/files\/memoria_actividades_2023.pdf\" target=\"_blank\" rel=\"noopener\">Memoria anual 2023 <img loading=\"lazy\" decoding=\"async\" class=\"image-0 alignnone\" src=\"http:\/\/manosabiertasnorte.org\/images\/pdf.png\" alt=\"\" width=\"40\" height=\"13\" \/><\/a><\/p>\r\n<p><a href=\"http:\/\/manosabiertasnorte.org\/files\/MEMORIA DE VOLUNTARIADO 2023.pdf\" target=\"_blank\" rel=\"noopener\">Memoria anual VOLUNTARIADO 2023 <img loading=\"lazy\" decoding=\"async\" class=\"image-0 alignnone\" src=\"http:\/\/manosabiertasnorte.org\/images\/pdf.png\" alt=\"\" width=\"40\" height=\"13\" \/><\/a><\/p>\r\n<\/td>\r\n<td class=\"imVc\" style=\"width: 20%; text-align: left; height: 55px;\">\r\n<p><a href=\"http:\/\/manosabiertasnorte.org\/files\/MEMORIA MANOS ABIERTAS 2023.pdf\" target=\"_blank\" rel=\"noopener\">Memoria econ\u00f3mica 2023 <img decoding=\"async\" src=\"http:\/\/manosabiertasnorte.org\/images\/pdf.png\" \/><\/a><\/p>\r\n<\/td>\r\n<td style=\"width: 21.904%; text-align: left; height: 55px;\">\r\n<p><a href=\"http:\/\/manosabiertasnorte.org\/files\/Balance Situaci\u00f3n 2023 Manos Abiertas.pdf\" target=\"_blank\" rel=\"noopener\">Balance cuentas 2023 <img decoding=\"async\" src=\"http:\/\/manosabiertasnorte.org\/images\/pdf.png\" \/><\/a><\/p>\r\n<p><a href=\"http:\/\/manosabiertasnorte.org\/files\/MANOS ABIERTAS 2023 CUENTA DE RESULTADOS.pdf\" target=\"_blank\" rel=\"noopener\">P\u00e9rdidas y Ganancias 2023 <img decoding=\"async\" src=\"http:\/\/manosabiertasnorte.org\/images\/pdf.png\" \/><\/a><\/p>\r\n<\/td>\r\n<td style=\"width: 18.096%; text-align: left; height: 55px;\">\u00a0<\/td>\r\n<\/tr>\r\n<\/tbody>\r\n<\/table>\r\n<!-- \/wp:paragraph -->\r\n\r\n<!-- wp:paragraph -->\r\n<p>&nbsp;<\/p>\r\n<!-- \/wp:paragraph -->\r\n\r\n<!-- wp:paragraph -->\r\n<p>&nbsp;<\/p>\r\n<!-- \/wp:paragraph -->\r\n\r\n<!-- wp:paragraph -->\r\n<p>&nbsp;<\/p>\r\n<!-- \/wp:paragraph -->","protected":false},"excerpt":{"rendered":"<p>!&#8211; wp:paragraph &#8211;&gt; La Asociaci\u00f3n Manos Abiertas con Norte apuesta por la transparencia como uno de los objetivos prioritarios de intervenci\u00f3n. Por ello, si quieres saber m\u00e1s sobre nosotros, podr\u00e1s encontrar documentaci\u00f3n institucional en las que aparece todo aquello que hemos realizado durante estos \u00faltimos a\u00f1os. Esperemos sirvan para acercarte m\u00e1s a\u00fan a nuestra asociaci\u00f3n [&hellip;]<\/p>\n","protected":false},"author":1,"featured_media":0,"parent":0,"menu_order":0,"comment_status":"closed","ping_status":"closed","template":"template-full-width.php","meta":{"footnotes":""},"class_list":["post-270","page","type-page","status-publish","hentry"],"_links":{"self":[{"href":"http:\/\/manosabiertasnorte.org\/index.php\/wp-json\/wp\/v2\/pages\/270","targetHints":{"allow":["GET"]}}],"collection":[{"href":"http:\/\/manosabiertasnorte.org\/index.php\/wp-json\/wp\/v2\/pages"}],"about":[{"href":"http:\/\/manosabiertasnorte.org\/index.php\/wp-json\/wp\/v2\/types\/page"}],"author":[{"embeddable":true,"href":"http:\/\/manosabiertasnorte.org\/index.php\/wp-json\/wp\/v2\/users\/1"}],"replies":[{"embeddable":true,"href":"http:\/\/manosabiertasnorte.org\/index.php\/wp-json\/wp\/v2\/comments?post=270"}],"version-history":[{"count":39,"href":"http:\/\/manosabiertasnorte.org\/index.php\/wp-json\/wp\/v2\/pages\/270\/revisions"}],"predecessor-version":[{"id":815,"href":"http:\/\/manosabiertasnorte.org\/index.php\/wp-json\/wp\/v2\/pages\/270\/revisions\/815"}],"wp:attachment":[{"href":"http:\/\/manosabiertasnorte.org\/index.php\/wp-json\/wp\/v2\/media?parent=270"}],"curies":[{"name":"wp","href":"https:\/\/api.w.org\/{rel}","templated":true}]}}