{"id":411,"date":"2023-05-22T21:53:36","date_gmt":"2023-05-22T21:53:36","guid":{"rendered":"http:\/\/manosabiertasnorte.org\/?page_id=411"},"modified":"2024-05-29T21:49:38","modified_gmt":"2024-05-29T19:49:38","slug":"modulo-iii","status":"publish","type":"page","link":"http:\/\/manosabiertasnorte.org\/index.php\/modulo-iii\/","title":{"rendered":"M\u00f3dulo III"},"content":{"rendered":"\r\n<figure class=\"wp-block-video\"><video style=\"aspect-ratio: 1920 \/ 1080;\" src=\"http:\/\/manosabiertasnorte.org\/wp-content\/uploads\/2023\/05\/Formacion-Manos-Abiertas-Online-3a.m4v\" controls=\"controls\" width=\"1920\" height=\"1080\"><\/video><\/figure>\r\n<hr \/>\r\n<p style=\"text-align: center;\">\n<div class=\"wpcf7 no-js\" id=\"wpcf7-f396-o1\" lang=\"es-ES\" dir=\"ltr\" data-wpcf7-id=\"396\">\n<div class=\"screen-reader-response\"><p role=\"status\" aria-live=\"polite\" aria-atomic=\"true\"><\/p> <ul><\/ul><\/div>\n<form action=\"\/index.php\/wp-json\/wp\/v2\/pages\/411#wpcf7-f396-o1\" method=\"post\" class=\"wpcf7-form init\" aria-label=\"Formulario de contacto\" enctype=\"multipart\/form-data\" novalidate=\"novalidate\" data-status=\"init\">\n<fieldset class=\"hidden-fields-container\"><input type=\"hidden\" name=\"_wpcf7\" value=\"396\" \/><input type=\"hidden\" name=\"_wpcf7_version\" value=\"6.1.5\" \/><input type=\"hidden\" name=\"_wpcf7_locale\" value=\"es_ES\" \/><input type=\"hidden\" name=\"_wpcf7_unit_tag\" value=\"wpcf7-f396-o1\" \/><input type=\"hidden\" name=\"_wpcf7_container_post\" value=\"0\" \/><input type=\"hidden\" name=\"_wpcf7_posted_data_hash\" value=\"\" \/><input type=\"hidden\" name=\"_wpcf7_recaptcha_response\" value=\"\" \/>\n<\/fieldset>\n<p><label> Tu nombre<br \/>\n<span class=\"wpcf7-form-control-wrap\" data-name=\"your-name\"><input size=\"40\" maxlength=\"400\" class=\"wpcf7-form-control wpcf7-text wpcf7-validates-as-required\" autocomplete=\"name\" aria-required=\"true\" aria-invalid=\"false\" value=\"\" type=\"text\" name=\"your-name\" \/><\/span> <\/label>\n<\/p>\n<p><label> Tu correo electr\u00f3nico<br \/>\n<span class=\"wpcf7-form-control-wrap\" data-name=\"your-email\"><input size=\"40\" maxlength=\"400\" class=\"wpcf7-form-control wpcf7-email wpcf7-validates-as-required wpcf7-text wpcf7-validates-as-email\" autocomplete=\"email\" aria-required=\"true\" aria-invalid=\"false\" value=\"\" type=\"email\" name=\"your-email\" \/><\/span> <\/label>\n<\/p>\n<p><label> Asunto<br \/>\n<span class=\"wpcf7-form-control-wrap\" data-name=\"your-subject\"><input size=\"40\" maxlength=\"400\" class=\"wpcf7-form-control wpcf7-text wpcf7-validates-as-required\" aria-required=\"true\" aria-invalid=\"false\" value=\"\" type=\"text\" name=\"your-subject\" \/><\/span> <\/label>\n<\/p>\n<p><label> Tu mensaje (opcional)<br \/>\n<span class=\"wpcf7-form-control-wrap\" data-name=\"your-message\"><textarea cols=\"40\" rows=\"10\" maxlength=\"2000\" class=\"wpcf7-form-control wpcf7-textarea\" aria-invalid=\"false\" name=\"your-message\"><\/textarea><\/span> <\/label>\n<\/p>\n<p><span class=\"wpcf7-form-control-wrap\" data-name=\"file-814\"><input size=\"40\" class=\"wpcf7-form-control wpcf7-file\" accept=\".pdf,.doc,.odt\" aria-invalid=\"false\" type=\"file\" name=\"file-814\" \/><\/span>\n<\/p>\n<p><span class=\"wpcf7-form-control-wrap\" data-name=\"acceptance-953\"><span class=\"wpcf7-form-control wpcf7-acceptance\"><span class=\"wpcf7-list-item\"><label><input type=\"checkbox\" name=\"acceptance-953\" value=\"1\" aria-invalid=\"false\" \/><span class=\"wpcf7-list-item-label\">\u201cEn cumplimiento del Reglamento General de Protecci\u00f3n de Datos (UE) 2016\/679 del Parlamento Europeo y del Consejo de 27 de abril de 2016 y la ley org\u00e1nica 3\/2018 de 5 de diciembre de Protecci\u00f3n de Datos Personales y de Garant\u00eda de los Derechos Digitales le informamos que los datos por Vd. proporcionados ser\u00e1n objeto de tratamiento por parte de ASOCIACI\u00d3N MANOS ABIERTAS CON NORTE con CIF G41753435, con domicilio en SEVILLA (SEVILLA), C.P. 41009, CALLE MEL\u00c9NDEZ VALD\u00c9S N\u00ba 28 , con la finalidad de prestarle el servicio solicitado y\/o contratado, realizar la facturaci\u00f3n del mismo. La base legal para el tratamiento de sus datos es la ejecuci\u00f3n del servicio por usted contratado y\/o solicitado. La oferta prospectiva de productos y servicios est\u00e1 basada en el consentimiento que se le solicita, sin que en ning\u00fan caso la retirada de este consentimiento condicione la ejecuci\u00f3n del contrato. Los datos proporcionados se conservar\u00e1n mientras se mantenga la relaci\u00f3n comercial o durante los a\u00f1os necesarios para cumplir con las obligaciones legales. Los datos no se ceder\u00e1n a terceros salvo en los casos en que exista una obligaci\u00f3n legal. Usted tiene derecho a obtener confirmaci\u00f3n sobre si en ASOCIACI\u00d3N MANOS ABIERTAS CON NORTE estamos tratando sus datos personales y por tanto tiene derecho a ejercer sus derechos de acceso, rectificaci\u00f3n, limitaci\u00f3n del tratamiento, portabilidad, oposici\u00f3n al tratamiento y supresi\u00f3n de sus datos mediante escrito dirigido a la direcci\u00f3n postal arriba mencionada o electr\u00f3nica manosabiertas@lasalleandalucia.net, adjuntando copia del DNI en ambos casos, as\u00ed como el derecho a presentar una reclamaci\u00f3n ante la Autoridad de Control (aepd.es) Asimismo le solicitamos su autorizaci\u00f3n para ofrecerle productos y servicios relacionados con los solicitados, prestados y\/o comercializados por nuestra entidad y poder de esa forma fidelizarle como cliente.<\/span><\/label><\/span><\/span><\/span>\n<\/p>\n<p><input type=\"hidden\" name=\"_wpcf7_captcha_challenge_your-captcha\" value=\"2928793823\" \/><img loading=\"lazy\" decoding=\"async\" class=\"wpcf7-form-control wpcf7-captchac wpcf7-captcha-your-captcha\" width=\"72\" height=\"24\" alt=\"captcha\" src=\"http:\/\/manosabiertasnorte.org\/wp-content\/uploads\/wpcf7_captcha\/2928793823.png\" \/><br \/>\n<label>Enter the code: <span class=\"wpcf7-form-control-wrap\" data-name=\"your-captcha\"><input size=\"40\" class=\"wpcf7-form-control wpcf7-captchar\" autocomplete=\"off\" aria-invalid=\"false\" value=\"\" type=\"text\" name=\"your-captcha\" \/><\/span><\/label>\n<\/p>\n<p><input class=\"wpcf7-form-control wpcf7-submit has-spinner\" type=\"submit\" value=\"Enviar\" \/>\n<\/p><p style=\"display: none !important;\" class=\"akismet-fields-container\" data-prefix=\"_wpcf7_ak_\"><label>&#916;<textarea name=\"_wpcf7_ak_hp_textarea\" cols=\"45\" rows=\"8\" maxlength=\"100\"><\/textarea><\/label><input type=\"hidden\" id=\"ak_js_1\" name=\"_wpcf7_ak_js\" value=\"60\"\/><script>document.getElementById( \"ak_js_1\" ).setAttribute( \"value\", ( new Date() ).getTime() );<\/script><\/p><input type='hidden' class='wpcf7-pum' value='{\"closepopup\":false,\"closedelay\":0,\"openpopup\":false,\"openpopup_id\":0}' \/><div class=\"wpcf7-response-output\" aria-hidden=\"true\"><\/div>\n<\/form>\n<\/div>\n<\/p>\r\n<hr \/>","protected":false},"excerpt":{"rendered":"","protected":false},"author":1,"featured_media":0,"parent":0,"menu_order":0,"comment_status":"closed","ping_status":"closed","template":"template-full-width.php","meta":{"footnotes":""},"class_list":["post-411","page","type-page","status-publish","hentry"],"_links":{"self":[{"href":"http:\/\/manosabiertasnorte.org\/index.php\/wp-json\/wp\/v2\/pages\/411","targetHints":{"allow":["GET"]}}],"collection":[{"href":"http:\/\/manosabiertasnorte.org\/index.php\/wp-json\/wp\/v2\/pages"}],"about":[{"href":"http:\/\/manosabiertasnorte.org\/index.php\/wp-json\/wp\/v2\/types\/page"}],"author":[{"embeddable":true,"href":"http:\/\/manosabiertasnorte.org\/index.php\/wp-json\/wp\/v2\/users\/1"}],"replies":[{"embeddable":true,"href":"http:\/\/manosabiertasnorte.org\/index.php\/wp-json\/wp\/v2\/comments?post=411"}],"version-history":[{"count":17,"href":"http:\/\/manosabiertasnorte.org\/index.php\/wp-json\/wp\/v2\/pages\/411\/revisions"}],"predecessor-version":[{"id":597,"href":"http:\/\/manosabiertasnorte.org\/index.php\/wp-json\/wp\/v2\/pages\/411\/revisions\/597"}],"wp:attachment":[{"href":"http:\/\/manosabiertasnorte.org\/index.php\/wp-json\/wp\/v2\/media?parent=411"}],"curies":[{"name":"wp","href":"https:\/\/api.w.org\/{rel}","templated":true}]}}