{"id":679,"date":"2025-06-11T23:06:05","date_gmt":"2025-06-11T21:06:05","guid":{"rendered":"http:\/\/manosabiertasnorte.org\/?page_id=679"},"modified":"2025-06-15T18:49:57","modified_gmt":"2025-06-15T16:49:57","slug":"sports-for-equality-2-0","status":"publish","type":"page","link":"http:\/\/manosabiertasnorte.org\/index.php\/sports-for-equality-2-0\/","title":{"rendered":"Sports for Equality 2.0"},"content":{"rendered":"<h3>Cofinanciado con fondos europeos<\/h3>\n<p>&nbsp;<\/p>\n<p><img loading=\"lazy\" decoding=\"async\" class=\"wp-image-764 aligncenter\" src=\"http:\/\/manosabiertasnorte.org\/wp-content\/uploads\/2025\/06\/Selection_076-300x155.png\" alt=\"\" width=\"490\" height=\"253\" srcset=\"http:\/\/manosabiertasnorte.org\/wp-content\/uploads\/2025\/06\/Selection_076-300x155.png 300w, http:\/\/manosabiertasnorte.org\/wp-content\/uploads\/2025\/06\/Selection_076-768x398.png 768w, http:\/\/manosabiertasnorte.org\/wp-content\/uploads\/2025\/06\/Selection_076.png 859w\" sizes=\"auto, (max-width: 490px) 100vw, 490px\" \/><\/p>\n<h3><\/h3>\n<h3><strong>Distribuci\u00f3n semanal de actividades<\/strong><\/h3>\n<ul>\n<li><strong>Lunes, martes y mi\u00e9rcoles<\/strong>:\n<ul>\n<li>Talleres y refuerzo educativo habituales y Talleres HORIZONTES<\/li>\n<\/ul>\n<\/li>\n<li><strong>Jueves<\/strong>:\n<ul>\n<li><strong>Entrenamiento del equipo de f\u00fatbol<\/strong>\u00a0(por la tarde).<\/li>\n<li>Actividades internas de\u00a0<strong>refuerzo educativo diario<\/strong><\/li>\n<li><strong>\u00a0Tutor\u00edas, reuniones familiares y talleres de familia<\/strong>.<\/li>\n<\/ul>\n<\/li>\n<li><strong>Viernes<\/strong>:\n<ul>\n<li><strong>Actividades de ocio y tiempo libre<\/strong>, adem\u00e1s de los\u00a0<strong>partidos del equipo Manos Abiertas F\u00fatbol Club<\/strong>.<\/li>\n<\/ul>\n<\/li>\n<\/ul>\n","protected":false},"excerpt":{"rendered":"<p>Cofinanciado con fondos europeos &nbsp; Distribuci\u00f3n semanal de actividades Lunes, martes y mi\u00e9rcoles: Talleres y refuerzo educativo habituales y Talleres HORIZONTES Jueves: Entrenamiento del equipo de f\u00fatbol\u00a0(por la tarde). Actividades internas de\u00a0refuerzo educativo diario \u00a0Tutor\u00edas, reuniones familiares y talleres de familia. Viernes: Actividades de ocio y tiempo libre, adem\u00e1s de los\u00a0partidos del equipo Manos Abiertas [&hellip;]<\/p>\n","protected":false},"author":1,"featured_media":0,"parent":0,"menu_order":0,"comment_status":"closed","ping_status":"closed","template":"template-full-width.php","meta":{"footnotes":""},"class_list":["post-679","page","type-page","status-publish","hentry"],"_links":{"self":[{"href":"http:\/\/manosabiertasnorte.org\/index.php\/wp-json\/wp\/v2\/pages\/679","targetHints":{"allow":["GET"]}}],"collection":[{"href":"http:\/\/manosabiertasnorte.org\/index.php\/wp-json\/wp\/v2\/pages"}],"about":[{"href":"http:\/\/manosabiertasnorte.org\/index.php\/wp-json\/wp\/v2\/types\/page"}],"author":[{"embeddable":true,"href":"http:\/\/manosabiertasnorte.org\/index.php\/wp-json\/wp\/v2\/users\/1"}],"replies":[{"embeddable":true,"href":"http:\/\/manosabiertasnorte.org\/index.php\/wp-json\/wp\/v2\/comments?post=679"}],"version-history":[{"count":5,"href":"http:\/\/manosabiertasnorte.org\/index.php\/wp-json\/wp\/v2\/pages\/679\/revisions"}],"predecessor-version":[{"id":684,"href":"http:\/\/manosabiertasnorte.org\/index.php\/wp-json\/wp\/v2\/pages\/679\/revisions\/684"}],"wp:attachment":[{"href":"http:\/\/manosabiertasnorte.org\/index.php\/wp-json\/wp\/v2\/media?parent=679"}],"curies":[{"name":"wp","href":"https:\/\/api.w.org\/{rel}","templated":true}]}}